{"id":1020,"date":"2020-04-29T11:39:33","date_gmt":"2020-04-29T11:39:33","guid":{"rendered":"http:\/\/grundschule-etzbach.de\/?page_id=1020"},"modified":"2020-12-17T13:16:17","modified_gmt":"2020-12-17T13:16:17","slug":"links-fuer-kinder-und-wissensseiten","status":"publish","type":"page","link":"https:\/\/grundschule-etzbach.de\/?page_id=1020","title":{"rendered":"Kinder- und Wissensseiten"},"content":{"rendered":"\n<p style=\"background-color:#fd49cb\" class=\"has-text-color has-background has-brown-color\">Wenn dir langweilig ist oder du etwas f\u00fcr den Heimunterricht herausfinden m\u00f6chtest, findest du hier ein kleines Angebot an Links, die dich zu verschiedenen Wissensseiten f\u00fchren.<\/p>\n\n\n\n<p style=\"background-color:#fd49e0\" class=\"has-background\"><em><strong>Lernportal f\u00fcr die Grundschule:<\/strong><\/em> <a href=\"http:\/\/www.hamsterkiste.de\">http:\/\/www.hamsterkiste.de<\/a><\/p>\n\n\n\n<p style=\"background-color:#fd49d0\" class=\"has-background\"><em><strong>Lernfilme f\u00fcr Kinder:<\/strong><\/em> <a href=\"http:\/\/www.planet-schule.de\">http:\/\/www.planet-schule.de<\/a><\/p>\n\n\n\n<p style=\"background-color:#fd49f1\" class=\"has-background\"><em><strong>Die Seite mit der Maus:<\/strong><\/em> <a href=\"http:\/\/www.wdrmaus.de\">http:\/\/www.wdrmaus.de<\/a><\/p>\n\n\n\n<p style=\"background-color:#fd49eb\" class=\"has-background\"><em><strong>Alles zur Sendung LOGO:<\/strong><\/em> <a href=\"https:\/\/www.zdf.de\/kinder\/logo\">https:\/\/www.zdf.de\/kinder\/logo<\/a><\/p>\n\n\n\n<figure class=\"wp-block-image\"><img loading=\"lazy\" decoding=\"async\" width=\"297\" height=\"300\" src=\"https:\/\/grundschule-etzbach.de\/wp-content\/uploads\/2020\/03\/detective-297x300.jpg\" alt=\"\" class=\"wp-image-852\" srcset=\"https:\/\/grundschule-etzbach.de\/wp-content\/uploads\/2020\/03\/detective-297x300.jpg 297w, https:\/\/grundschule-etzbach.de\/wp-content\/uploads\/2020\/03\/detective.jpg 497w\" sizes=\"auto, (max-width: 297px) 100vw, 297px\" \/><\/figure>\n\n\n\n<p style=\"background-color:#fd49db\" class=\"has-background\"><em><strong>Suchmaschinen f\u00fcr Kinder (werbungs- und jugendfrei):<\/strong><\/em><\/p>\n\n\n\n<ul class=\"wp-block-list\"><li><a href=\"http:\/\/www.blindekuh.de\">http:\/\/www.blindekuh.de<\/a><\/li><li><a href=\"http:\/\/www.fragfinn.de\">http:\/\/www.fragfinn.de<\/a><\/li><li><a href=\"http:\/\/www.klexikon.de\">http:\/\/www.klexikon.de<\/a><\/li><\/ul>\n\n\n\n<p style=\"background-color:#f410cf\" class=\"has-text-color has-background has-brown-color\"><strong>T\u00e4glicher Podcast von der Sendung mit der Maus:<\/strong><\/p>\n\n\n\n<figure class=\"wp-block-image size-large\"><a href=\"https:\/\/www.wdrmaus.de\/hoeren\/podcast60.php5\"><img loading=\"lazy\" decoding=\"async\" width=\"960\" height=\"650\" src=\"https:\/\/grundschule-etzbach.de\/wp-content\/uploads\/2020\/04\/mouse-2230924_960_720.jpg\" alt=\"\" class=\"wp-image-983\" srcset=\"https:\/\/grundschule-etzbach.de\/wp-content\/uploads\/2020\/04\/mouse-2230924_960_720.jpg 960w, https:\/\/grundschule-etzbach.de\/wp-content\/uploads\/2020\/04\/mouse-2230924_960_720-300x203.jpg 300w, https:\/\/grundschule-etzbach.de\/wp-content\/uploads\/2020\/04\/mouse-2230924_960_720-768x520.jpg 768w\" sizes=\"auto, (max-width: 960px) 100vw, 960px\" \/><\/a><figcaption>Einfach auf die Maus klicken!<\/figcaption><\/figure>\n\n\n\n<p style=\"background-color:#ee09df\" class=\"has-text-color has-background has-black-color\"><strong>Seite f\u00fcr Leseanf\u00e4nger<\/strong><\/p>\n\n\n\n<p><a href=\"http:\/\/www.mali-abc.de\">http:\/\/www.mali-abc.de<\/a><\/p>\n","protected":false},"excerpt":{"rendered":"<p>Wenn dir langweilig ist oder du etwas f\u00fcr den Heimunterricht herausfinden m\u00f6chtest, findest du hier ein kleines Angebot an Links, die dich zu verschiedenen Wissensseiten f\u00fchren. Lernportal f\u00fcr die Grundschule: http:\/\/www.hamsterkiste.de Lernfilme f\u00fcr Kinder: http:\/\/www.planet-schule.de Die Seite mit der Maus: [&hellip;]<\/p>\n","protected":false},"author":1,"featured_media":0,"parent":0,"menu_order":0,"comment_status":"closed","ping_status":"closed","template":"","meta":{"ngg_post_thumbnail":0,"footnotes":""},"class_list":["post-1020","page","type-page","status-publish","hentry"],"_links":{"self":[{"href":"https:\/\/grundschule-etzbach.de\/index.php?rest_route=\/wp\/v2\/pages\/1020","targetHints":{"allow":["GET"]}}],"collection":[{"href":"https:\/\/grundschule-etzbach.de\/index.php?rest_route=\/wp\/v2\/pages"}],"about":[{"href":"https:\/\/grundschule-etzbach.de\/index.php?rest_route=\/wp\/v2\/types\/page"}],"author":[{"embeddable":true,"href":"https:\/\/grundschule-etzbach.de\/index.php?rest_route=\/wp\/v2\/users\/1"}],"replies":[{"embeddable":true,"href":"https:\/\/grundschule-etzbach.de\/index.php?rest_route=%2Fwp%2Fv2%2Fcomments&post=1020"}],"version-history":[{"count":8,"href":"https:\/\/grundschule-etzbach.de\/index.php?rest_route=\/wp\/v2\/pages\/1020\/revisions"}],"predecessor-version":[{"id":1283,"href":"https:\/\/grundschule-etzbach.de\/index.php?rest_route=\/wp\/v2\/pages\/1020\/revisions\/1283"}],"wp:attachment":[{"href":"https:\/\/grundschule-etzbach.de\/index.php?rest_route=%2Fwp%2Fv2%2Fmedia&parent=1020"}],"curies":[{"name":"wp","href":"https:\/\/api.w.org\/{rel}","templated":true}]}}