{"id":162,"date":"2019-09-10T17:19:18","date_gmt":"2019-09-10T17:19:18","guid":{"rendered":"http:\/\/grundschule-etzbach.de\/?page_id=162"},"modified":"2023-06-28T14:17:07","modified_gmt":"2023-06-28T14:17:07","slug":"medienschule","status":"publish","type":"page","link":"https:\/\/grundschule-etzbach.de\/?page_id=162","title":{"rendered":"Medienschule"},"content":{"rendered":"\n<figure class=\"wp-block-video\"><video controls src=\"https:\/\/grundschule-etzbach.de\/wp-content\/uploads\/2023\/06\/Magic-Movie.mp4\"><\/video><\/figure>\n\n\n\n<div class=\"wp-block-media-text alignwide\"><figure class=\"wp-block-media-text__media\"><img loading=\"lazy\" decoding=\"async\" width=\"750\" height=\"563\" src=\"https:\/\/grundschule-etzbach.de\/wp-content\/uploads\/2019\/10\/03EDB551-618A-4E9A-A7C6-D024AAC24EC4.jpeg\" alt=\"\" class=\"wp-image-576 size-full\" srcset=\"https:\/\/grundschule-etzbach.de\/wp-content\/uploads\/2019\/10\/03EDB551-618A-4E9A-A7C6-D024AAC24EC4.jpeg 750w, https:\/\/grundschule-etzbach.de\/wp-content\/uploads\/2019\/10\/03EDB551-618A-4E9A-A7C6-D024AAC24EC4-300x225.jpeg 300w, https:\/\/grundschule-etzbach.de\/wp-content\/uploads\/2019\/10\/03EDB551-618A-4E9A-A7C6-D024AAC24EC4-360x270.jpeg 360w\" sizes=\"auto, (max-width: 750px) 100vw, 750px\" \/><\/figure><div class=\"wp-block-media-text__content\">\n<p class=\"has-drop-cap has-brown-color has-orange-background-color has-text-color has-background has-small-font-size\">Unsere Schule war im Schuljahr 2011\/2012\u00a0 DIMIG-Kooperationsschule und konnte hier bereits viele Anregungen und Ideen zur digitalen Bildung in der Grundschule sammeln. Im Jahr 2018\/2019 nahmen wir am Projekt \u201eMedienkompetenz macht Schule\u201c des Landes Rheinland-Pfalz teil. <br><br>Der Einsatz digitaler Medien wird von uns als wichtig und unerl\u00e4sslich angesehen.<br><br>Nach wie vor erg\u00e4nzen allerdings auch noch bew\u00e4hrte Medien wie Zeitung, Plakat, CD-Player, Sachb\u00fccher,&#8230; den Unterricht. Die jeweilige Lehrkraft entscheidet, mit welchen Medien und welchen Materialien der beste Lernerfolg erzielt werden kann.\u00a0<br><br>Regelm\u00e4\u00dfig finden in Klassenstufe 4 Sch\u00fclerworkshops mit Michaela Wei\u00df, einer Medienp\u00e4dagogin, zum Thema Datenschutz , Internetwerbung, Umgang mit Apps,&#8230; statt. <br><br>Das Thema Coding bekommt auch in der Grundschule einen immer gr\u00f6\u00dferen Stellenwert. Unsere Sch\u00fcler k\u00f6nnen beispielsweise Erfahrungen mit Lego Spike oder Scratch junior sammeln.<br><\/p>\n<\/div><\/div>\n","protected":false},"excerpt":{"rendered":"<p>Unsere Schule war im Schuljahr 2011\/2012\u00a0 DIMIG-Kooperationsschule und konnte hier bereits viele Anregungen und Ideen zur digitalen Bildung in der Grundschule sammeln. Im Jahr 2018\/2019 nahmen wir am Projekt \u201eMedienkompetenz macht Schule\u201c des Landes Rheinland-Pfalz teil. Der Einsatz digitaler Medien [&hellip;]<\/p>\n","protected":false},"author":1,"featured_media":0,"parent":14,"menu_order":5,"comment_status":"closed","ping_status":"closed","template":"","meta":{"ngg_post_thumbnail":0,"footnotes":""},"class_list":["post-162","page","type-page","status-publish","hentry"],"_links":{"self":[{"href":"https:\/\/grundschule-etzbach.de\/index.php?rest_route=\/wp\/v2\/pages\/162","targetHints":{"allow":["GET"]}}],"collection":[{"href":"https:\/\/grundschule-etzbach.de\/index.php?rest_route=\/wp\/v2\/pages"}],"about":[{"href":"https:\/\/grundschule-etzbach.de\/index.php?rest_route=\/wp\/v2\/types\/page"}],"author":[{"embeddable":true,"href":"https:\/\/grundschule-etzbach.de\/index.php?rest_route=\/wp\/v2\/users\/1"}],"replies":[{"embeddable":true,"href":"https:\/\/grundschule-etzbach.de\/index.php?rest_route=%2Fwp%2Fv2%2Fcomments&post=162"}],"version-history":[{"count":13,"href":"https:\/\/grundschule-etzbach.de\/index.php?rest_route=\/wp\/v2\/pages\/162\/revisions"}],"predecessor-version":[{"id":1792,"href":"https:\/\/grundschule-etzbach.de\/index.php?rest_route=\/wp\/v2\/pages\/162\/revisions\/1792"}],"up":[{"embeddable":true,"href":"https:\/\/grundschule-etzbach.de\/index.php?rest_route=\/wp\/v2\/pages\/14"}],"wp:attachment":[{"href":"https:\/\/grundschule-etzbach.de\/index.php?rest_route=%2Fwp%2Fv2%2Fmedia&parent=162"}],"curies":[{"name":"wp","href":"https:\/\/api.w.org\/{rel}","templated":true}]}}