{"id":18,"date":"2019-07-15T22:10:15","date_gmt":"2019-07-15T22:10:15","guid":{"rendered":"http:\/\/grundschule-etzbach.de\/?page_id=18"},"modified":"2024-11-11T08:42:08","modified_gmt":"2024-11-11T08:42:08","slug":"impressum","status":"publish","type":"page","link":"https:\/\/grundschule-etzbach.de\/?page_id=18","title":{"rendered":"Impressum"},"content":{"rendered":"\n<p><strong>Impressum<\/strong><\/p>\n\n\n\n<p><strong>Dieses Internetangebot wird herausgegeben von:<\/strong><\/p>\n\n\n\n<p><em>Grundschule Etzbach <br>\nWiesenstra\u00dfe 21<br>\n57539 Etzbach<\/em><\/p>\n\n\n\n<p>02682\/573<em><br> 02682\/<\/em>968399<\/p>\n\n\n\n<p>www.grundschule-etzbach.de<\/p>\n\n\n\n<p>info@grundschule-etzbach.de<\/p>\n\n\n\n<p><strong>Verantwortlich f\u00fcr den Inhalt dieser Webseite (Vertretungsberechtigt):<\/strong><\/p>\n\n\n\n<p><em>Katrin Quast<\/em><\/p>\n\n\n\n<p><strong>Redaktion:<\/strong><\/p>\n\n\n\n<p><em>Stefanie Birkenbeul, Tanja Eichelhardt&nbsp;<\/em><\/p>\n\n\n\n<p><strong>Technische Umsetzung \/ Hosting: <\/strong><\/p>\n\n\n\n<p>OPTIMA Computer Service<br>Floriansweg 12<br>57627 Hachenburg<\/p>\n\n\n\n<p><\/p>\n\n\n\n<p><strong>Haftungsausschluss (Disclaimer)<\/strong><\/p>\n\n\n\n<p>Bitte beachten Sie die wichtigen rechtlichen Hinweise zu den Inhalten&nbsp;des&nbsp;Onlineangebotes, zu Verweisen bzw. externe Linke zum Urheberrecht.<\/p>\n\n\n\n<p><strong>1. Inhalt des Onlineangebotes<\/strong><\/p>\n\n\n\n<p>Die Inhalte&nbsp;unserer Schulhomepage&nbsp;www.grundschule-etzbach.de&nbsp;sollen&nbsp;Ihnen den Zugang zu Informationen&nbsp;\u00fcber unsere Schule&nbsp;erleichtern und ein zutreffendes Bild von den T\u00e4tigkeiten, Aktivit\u00e4ten und dem Leben&nbsp;der&nbsp;Grundschule&nbsp;Etzbach &nbsp;sowie der dort befindlichen&nbsp;Sch\u00fclerinnen und Sch\u00fcler&nbsp;vermitteln.<\/p>\n\n\n\n<p>Auf die Richtigkeit, Aktualit\u00e4t, Vollst\u00e4ndigkeit, Verst\u00e4ndlichkeit und Verf\u00fcgbarkeit der bereitgestellten Informationen wird zwar sehr sorgf\u00e4ltig geachtet, dennoch \u00fcbernimmt die Grundschule&nbsp;<em>Etzbach <\/em>keinerlei&nbsp;Gew\u00e4hr f\u00fcr die Richtigkeit, Vollst\u00e4ndigkeit, Verf\u00fcgbarkeit&nbsp;oder Aktualit\u00e4t der bereitgestellten Inhalte.<\/p>\n\n\n\n<p>Die Grundschule&nbsp;<em>Etzbach<\/em>&nbsp;haftet nicht f\u00fcr Sch\u00e4den&nbsp;materieller oder immaterieller Art, die durch die Nutzung oder Nichtnutzung angebotener Informationen oder dieses Internetangebots entstehen. F\u00fcr etwaige Sch\u00e4den, die beim Aufrufen oder Herunterladen von Daten durch Schadsoftware oder der Installation oder Nutzung von Software verursacht werden, wird nicht gehaftet, sofern seitens der Schule kein nachweislich vors\u00e4tzliches oder grob fahrl\u00e4ssiges Verschulden vorliegt.&nbsp;Ein Vertragsverh\u00e4ltnis mit den Nutzern des Internetangebots kommt nicht zustande.<\/p>\n\n\n\n<p>Alle Angebote sind freibleibend und unverbindlich.&nbsp;Die Grundschule&nbsp;<em>Etzbach <\/em>beh\u00e4lt es sich ausdr\u00fccklich vor, Teile der Seiten oder das gesamte Angebot ohne gesonderte Ank\u00fcndigung zu ver\u00e4ndern, zu erg\u00e4nzen, zu l\u00f6schen oder die Ver\u00f6ffentlichung zeitweise oder endg\u00fcltig einzustellen.<br><\/p>\n\n\n\n<p><strong>2<\/strong><strong>. Inhalte anderweitiger Anbieter<\/strong><strong>&nbsp;(Verweise und externe Links)<\/strong><strong>:<\/strong><br><\/p>\n\n\n\n<p>Die auf diesen Seiten&nbsp;evtl.&nbsp;vorhandenen&nbsp;direkten oder indirekten Verweise (\u201cLinks\u201c)&nbsp;zu Inhalten von Internetseiten Dritter (&#8222;fremden Inhalten&#8220;) wurden durch die&nbsp;Grundschule&nbsp;Erzbach nach bestem Wissen und unter Beachtung gr\u00f6\u00dftm\u00f6glicher Sorgfalt erstellt und vermitteln lediglich den Zugang zu &#8222;fremden Inhalten&#8220;. Dabei wurde auf die Vertrauensw\u00fcrdigkeit dritter Anbieter und die Fehlerfreiheit sowie Rechtm\u00e4\u00dfigkeit der &#8222;fremden Inhalte&#8220; besonders geachtet.<\/p>\n\n\n\n<p><br>Da jedoch der Inhalt von Internetseiten dynamisch ist und sich jederzeit \u00e4ndern kann, ist eine stetige Einzelfallpr\u00fcfung s\u00e4mtlicher Inhalte, auf die ein&nbsp;Verweis oder externer&nbsp;Link erstellt wurde, nicht in jedem Fall m\u00f6glich. Die&nbsp;Grundschule&nbsp;Etzbach macht sich deshalb den Inhalt von Internetseiten Dritter, die mit der eigenen Internetpr\u00e4senz verlinkt sind, insoweit ausdr\u00fccklich nicht zu eigen.&nbsp;<\/p>\n\n\n\n<p>F\u00fcr Sch\u00e4den aus der Nutzung oder Nichtnutzung &#8222;fremder Inhalte&#8220; haftet ausschlie\u00dflich der jeweilige Anbieter der Seite, auf die verwiesen wurde.<\/p>\n\n\n\n<p><strong>3.&nbsp;<\/strong><strong>Urheberrecht:<\/strong><\/p>\n\n\n\n<p>Alle Inhalte und Strukturen dieser Website sind urheberrechtlich&nbsp;gesch\u00fctzt. Die Ver\u00f6ffentlichung im World Wide Web oder in sonstigen Diensten des Internet bedeutet noch keine Einverst\u00e4ndniserkl\u00e4rung f\u00fcr eine anderweitige Nutzung durch&nbsp;Dritte.&nbsp;Die&nbsp;anderweitigeNutzung des hier bereitgestellten Informationsmaterials&nbsp;\u00fcber die Schule ist daher&nbsp;nichtzul\u00e4ssig.&nbsp;Auf den Webseiten zur Verf\u00fcgung gestellte Texte, Textteile, Grafiken, Tabellensowie Ton-, Video-&nbsp;oder Bildmaterialien&nbsp;von Sch\u00fclerinnen und Sch\u00fcler oder Lehrkr\u00e4fte der Schule,&nbsp;d\u00fcrfen ohne vorherige Zustimmung der&nbsp;Grundschule&nbsp;<em>Etzbach&nbsp;<\/em>nicht vervielf\u00e4ltigt, nicht verbreitet und nicht ausgestellt werden.<\/p>\n\n\n\n<p><strong>4. Datenschutz&nbsp;<\/strong><\/p>\n\n\n\n<p>Die Nutzung der im Rahmen des Impressums oder vergleichbarer Angaben ver\u00f6ffentlichten Kontaktdaten wie Postanschriften, Telefon- und Faxnummern sowie Emailadressen durch Dritte zur \u00dcbersendung von nicht ausdr\u00fccklich angeforderten Informationen oder Werbung ist nicht gestattet. Rechtliche Schritte gegen die Versender von sogenannten Spam-Mails bei Verst\u00f6\u00dfen gegen dieses Verbot sind ausdr\u00fccklich vorbehalten.<\/p>\n\n\n\n<p><strong>5. Rechtswirksamkeit dieses Haftungsausschlusses&nbsp;<\/strong><\/p>\n\n\n\n<p>Dieser Haftungsausschluss ist als Teil des Internetangebotes zu betrachten, von dem aus auf diese Seite verwiesen wurde. Sofern Teile oder einzelne Formulierungen dieses Textes der geltenden Rechtslage nicht, nicht mehr oder nicht vollst\u00e4ndig entsprechen sollten, bleiben die \u00fcbrigen Teile des Dokumentes in ihrem Inhalt und ihrer G\u00fcltigkeit davon unber\u00fchrt.&nbsp;<\/p>\n\n\n\n<p><strong>Fehlermeldungen:<\/strong><\/p>\n\n\n\n<p><br>Die Grundschule&nbsp;<em>Grundschule Etzbach<\/em>&nbsp;bittet die Nutzer von&nbsp;<em>www.grundschule-etzbach.de<\/em>, auf rechtswidrige oder fehlerhafte Inhalte Dritter, zu denen in der Internetpr\u00e4senz ein Link unterhalten wird, ggf. aufmerksam zu machen. Ebenso wird um eine Nachricht unter der angegebenen Kontaktadresse gebeten, wenn eigene Inhalte nicht fehlerfrei, aktuell, vollst\u00e4ndig, verf\u00fcgbar oder&nbsp;verst\u00e4ndlich sind.<\/p>\n\n\n\n<p><\/p>\n","protected":false},"excerpt":{"rendered":"<p>Impressum Dieses Internetangebot wird herausgegeben von: Grundschule Etzbach Wiesenstra\u00dfe 21 57539 Etzbach 02682\/573 02682\/968399 www.grundschule-etzbach.de info@grundschule-etzbach.de Verantwortlich f\u00fcr den Inhalt dieser Webseite (Vertretungsberechtigt): Katrin Quast Redaktion: Stefanie Birkenbeul, Tanja Eichelhardt&nbsp; Technische Umsetzung \/ Hosting: OPTIMA Computer ServiceFloriansweg 1257627 Hachenburg Haftungsausschluss [&hellip;]<\/p>\n","protected":false},"author":1,"featured_media":0,"parent":0,"menu_order":0,"comment_status":"closed","ping_status":"closed","template":"","meta":{"ngg_post_thumbnail":0,"footnotes":""},"class_list":["post-18","page","type-page","status-publish","hentry"],"_links":{"self":[{"href":"https:\/\/grundschule-etzbach.de\/index.php?rest_route=\/wp\/v2\/pages\/18","targetHints":{"allow":["GET"]}}],"collection":[{"href":"https:\/\/grundschule-etzbach.de\/index.php?rest_route=\/wp\/v2\/pages"}],"about":[{"href":"https:\/\/grundschule-etzbach.de\/index.php?rest_route=\/wp\/v2\/types\/page"}],"author":[{"embeddable":true,"href":"https:\/\/grundschule-etzbach.de\/index.php?rest_route=\/wp\/v2\/users\/1"}],"replies":[{"embeddable":true,"href":"https:\/\/grundschule-etzbach.de\/index.php?rest_route=%2Fwp%2Fv2%2Fcomments&post=18"}],"version-history":[{"count":18,"href":"https:\/\/grundschule-etzbach.de\/index.php?rest_route=\/wp\/v2\/pages\/18\/revisions"}],"predecessor-version":[{"id":2194,"href":"https:\/\/grundschule-etzbach.de\/index.php?rest_route=\/wp\/v2\/pages\/18\/revisions\/2194"}],"wp:attachment":[{"href":"https:\/\/grundschule-etzbach.de\/index.php?rest_route=%2Fwp%2Fv2%2Fmedia&parent=18"}],"curies":[{"name":"wp","href":"https:\/\/api.w.org\/{rel}","templated":true}]}}