{"id":514,"date":"2019-10-25T14:26:12","date_gmt":"2019-10-25T14:26:12","guid":{"rendered":"http:\/\/grundschule-etzbach.de\/?page_id=514"},"modified":"2020-03-25T11:48:03","modified_gmt":"2020-03-25T11:48:03","slug":"datenschutzerklaerung","status":"publish","type":"page","link":"https:\/\/grundschule-etzbach.de\/?page_id=514","title":{"rendered":"Datenschutzerkl\u00e4rung"},"content":{"rendered":"\n<p>Herzlich Willkommen auf unserer schulischen Webseite.&nbsp;Wir messen dem Datenschutz gro\u00dfe Bedeutung bei. Die Verarbeitung Ihrer personenbezogenen Daten geschieht unter Beachtung der geltenden datenschutzrechtlichen Vorschriften, insbesondere der Datenschutzgrundverordnung (DSGVO) und der&nbsp;dar\u00fcber hinausgehenden&nbsp;einschl\u00e4gigen nationalen Datenschutzregelungen. Wir erheben und verarbeiten Ihre personenbezogenen Daten, um Ihnen diese Schulhomepage anbieten zu k\u00f6nnen. Diese Erkl\u00e4rung beschreibt, wie und zu welchem Zweck Ihre Daten erfasst und genutzt werden und welche Wahlm\u00f6glichkeiten Sie im Zusammenhang mit pers\u00f6nlichen Daten haben.<\/p>\n\n\n\n<p>Durch Ihre Verwendung dieser Webseiten stimmen Sie der Verarbeitung Ihrer personenbezogenen Daten im Umfang und unter den Voraussetzungen dieser Datenschutzerkl\u00e4rung zu.<\/p>\n\n\n\n<p><strong>I.&nbsp;Name und Anschrift des&nbsp;Verantwortlichen<\/strong><\/p>\n\n\n\n<p>Der Verantwortliche&nbsp;im Sinne der Datenschutz-Grundverordnung und anderer nationaler Datenschutzgesetze der Mitgliedsstaaten sowie sonstiger datenschutzrechtlicher Bestimmungen ist die:<\/p>\n\n\n\n<p><em>Grundschule Etzbach<\/em><\/p>\n\n\n\n<p>Wiesenstra\u00dfe 21<\/p>\n\n\n\n<p>57539 Etzbach<\/p>\n\n\n\n<p><em>Deutschland<\/em><\/p>\n\n\n\n<p><em>Tel.: <\/em>02682\/573<\/p>\n\n\n\n<p><em>E-Mail: <\/em>info@grundschule-etzbach.de<\/p>\n\n\n\n<p><em>Website:&nbsp;www.<\/em>grundschule-etzbach.de<\/p>\n\n\n\n<p>Sofern Sie&nbsp;Verarbeitung&nbsp;Ihrer&nbsp;personenbezogenen&nbsp;Daten durch uns nach Ma\u00dfgabe dieser Datenschutzbestimmungen insgesamt oder f\u00fcr einzelne Ma\u00dfnahmen widersprechen wollen, k\u00f6nnen Sie Ihren Widerspruch an den Verantwortlichen&nbsp;sowie an unseren schulischen Datenschutzbeauftragten&nbsp;richten.<\/p>\n\n\n\n<p>Sie k\u00f6nnen diese Datenschutzerkl\u00e4rung jederzeit speichern und ausdrucken.<\/p>\n\n\n\n<p><strong>II.&nbsp;Name und Anschrift des Datenschutzbeauftragten<\/strong><\/p>\n\n\n\n<p>Der&nbsp;schulische&nbsp;Datenschutzbeauftragte des Verantwortlichen ist:<\/p>\n\n\n\n<p><em>O\u2019Neal, Steven<\/em><\/p>\n\n\n\n<p><em>Friedrich-Ebert-Stra\u00dfe 14<\/em><\/p>\n\n\n\n<p><em>67433 Neustadt an der Weinstra\u00dfe<\/em><\/p>\n\n\n\n<p><em>Deutschland<\/em><\/p>\n\n\n\n<p><em>Tel.:&nbsp;<\/em><em>06321 99 2605<\/em><\/p>\n\n\n\n<p><em>E-Mail:&nbsp;<\/em><em>Steven.Oneal@addnw.rlp<\/em><em>.de<\/em><\/p>\n\n\n\n<p><em>Website:&nbsp;www.add.rlp.<\/em>de<\/p>\n\n\n\n<p><strong>III.&nbsp;Geltungsbereich<\/strong><\/p>\n\n\n\n<p>Diese Datenschutzerkl\u00e4rung gilt f\u00fcr das Internet-Angebot&nbsp;<em>www.grundschule-etzbach.de<\/em>&nbsp;und die dort angebotenen eigenen Inhalte. F\u00fcr Inhalte anderer Anbieter, auf die z.B. \u00fcber Links verwiesen wird, gelten die dortigen Nutzungsbestimmungen.<\/p>\n\n\n\n<p><strong>IIII.&nbsp;Weiterleitung zu einem anderen Anbieter<\/strong><\/p>\n\n\n\n<p>Soweit aus unserem Angebot zu Inhalten anderer Anbieter verlinkt wird, unterliegt&nbsp;die Nutzung dieser Angebote gegebenenfalls anderen Bedingungen als in dieser Datenschutzerkl\u00e4rung beschrieben.<\/p>\n\n\n\n<p><strong>V.&nbsp;Bei der Technik haben wir Hilfe<\/strong><\/p>\n\n\n\n<p>Dieses Internet-Angebot wird technisch v<em>on OPTIMA Computer, Floriansweg 12, 57627 Hachenburg <\/em> als Dienstleister betrieben. Die dortige Verarbeitung erfolgt in unserem Auftrag und nach unseren Vorgaben entsprechend Art. 28 DS-GVO.\u00a0<em>(Pr\u00fcfen Sie ob ein entsprechender Auftragsverarbeitungsvertrag vorliegt!)<\/em><\/p>\n\n\n\n<p>Die&nbsp;inhaltliche&nbsp;Verantwortung liegt bei&nbsp;<em>Volker Hasselbach (Schulleitung)<\/em>.<\/p>\n\n\n\n<p>Die redaktionelle Verantwortung liegt bei&nbsp;<em>Stefanie Birkenbeul, Tanja Eichelhardt <\/em>.<\/p>\n\n\n\n<p><strong>VI.&nbsp;Allgemeines zur Datenverarbeitung<\/strong><\/p>\n\n\n\n<p><strong>6.&nbsp;Umfang der&nbsp;Verarbeitung&nbsp;personenbezogener Daten<\/strong><\/p>\n\n\n\n<p>Wir&nbsp;verarbeiten&nbsp;personenbezogene Daten unserer Nutzer grunds\u00e4tzlich nur,&nbsp;soweit dies zur Bereitstellung einer funktionsf\u00e4higen Website sowie unserer Inhalte und Leistungen erforderlich ist. Die&nbsp;Verarbeitung&nbsp;personenbezogener Daten unserer Nutzer erfolgt regelm\u00e4\u00dfig nur nach Einwilligung des Nutzers. Eine Ausnahme gilt in solchen F\u00e4llen, in denen eine vorherige Einholung einer Einwilligung aus tats\u00e4chlichen Gr\u00fcnden nicht m\u00f6glich ist und die Verarbeitung der Daten durch gesetzliche Vorschriften gestattet ist.<\/p>\n\n\n\n<p><strong>7.&nbsp;Rechtsgrundlage f\u00fcr die Verarbeitung personenbezogener Daten<\/strong><\/p>\n\n\n\n<p>Soweit wir f\u00fcr Verarbeitungsvorg\u00e4nge personenbezogener Daten eine Einwilligung der betroffenen Person einholen, dient&nbsp;Art.&nbsp;6&nbsp;Abs.&nbsp;1&nbsp;lit.&nbsp;a EU-Datenschutzgrundverordnung (DSGVO) als Rechtsgrundlage.<\/p>\n\n\n\n<p>Soweit eine Verarbeitung personenbezogener Daten zur Erf\u00fcllung einer rechtlichen Verpflichtung erforderlich ist,&nbsp;der&nbsp;unser&nbsp;Grundschule&nbsp;unterliegt, dient&nbsp;Art.&nbsp;6&nbsp;Abs.&nbsp;1&nbsp;lit.&nbsp;c DSGVO als Rechtsgrundlage.<\/p>\n\n\n\n<p>Soweit eine Verarbeitung personenbezogener Daten&nbsp;f\u00fcr die Wahrnehmung einer Aufgabe erforderlich ist, die im \u00f6ffentlichen Interesse liegt oder in Aus\u00fcbung \u00f6ffentlicher Gewalt erfolgt,&nbsp;dient&nbsp;Art.&nbsp;6&nbsp;Abs.&nbsp;1&nbsp;lit.&nbsp;e&nbsp;DSGVO als Rechtsgrundlage.<\/p>\n\n\n\n<p><strong>8.&nbsp;Datenl\u00f6schung und Speicherdauer<\/strong><\/p>\n\n\n\n<p>Die personenbezogenen Daten der betroffenen Person werden gel\u00f6scht oder gesperrt, sobald der Zweck der Speicherung entf\u00e4llt.&nbsp;Eine Speicherung kann dar\u00fcber hinaus erfolgen,&nbsp;wenn dies durch den europ\u00e4ischen oder nationalen Gesetzgeber in unionsrechtlichen Verordnungen, Gesetzen oder sonstigen Vorschriften, denen der&nbsp;Verantwortliche unterliegt, vorgesehen wurde.&nbsp;Eine Sperrung oder L\u00f6schung der Daten erfolgt auch dann, wenn eine durch die genannten Normen vorgeschriebene Speicherfrist abl\u00e4uft, es sei denn,&nbsp;dass eine Erforderlichkeit zur weiteren Speicherung der Daten f\u00fcr einen Vertragsabschluss oder eine Vertragserf\u00fcllung besteht.<\/p>\n\n\n\n<p><strong>VII.&nbsp;Bereitstellung der Website \/&nbsp;Erstellung von&nbsp;Logfiles&nbsp;(wenn Logfiles vorhanden)<\/strong><\/p>\n\n\n\n<p><strong>9.&nbsp;Beschreibung und Umfang der Datenverarbeitung<\/strong><\/p>\n\n\n\n<p>Bei jedem Aufruf unserer Internetseite erfasst unser System automatisiert Daten und Informationen vom Computersystem des aufrufenden Rechners&nbsp;oder Mobilger\u00e4tes.&nbsp;Wir erheben, speichern und nutzen&nbsp;dabei&nbsp;Daten \u00fcber jeden Zugriff auf unser Onlineangebot (sogenannte Serverlogfiles)<\/p>\n\n\n\n<p>Folgende Daten&nbsp;werden&nbsp;hierbei erhoben:<\/p>\n\n\n\n<ol class=\"wp-block-list\"><li>Informationen \u00fcber den Browsertyp und die verwendete Version<\/li><li>Das Betriebssystem des Nutzers<\/li><li>Den Internet-Service-Provider des Nutzers<\/li><li>Die IP-Adresse des Nutzers<\/li><li>Datum und Uhrzeit des Zugriffs<\/li><li>Websites, von denen das System des Nutzers auf unsere Internetseite gelangt<\/li><li>Websites, die vom System des Nutzers \u00fcber unsere Website aufgerufen werden<\/li><li>Name und URL der abgerufenen Datei<\/li><li>\u00fcbertragene Datenmengen<\/li><\/ol>\n\n\n\n<p><strong>10.&nbsp;Rechtsgrundlage f\u00fcr die Datenverarbeitung<\/strong><\/p>\n\n\n\n<p>Rechtsgrundlage f\u00fcr die vor\u00fcbergehende Speicherung der Daten&nbsp;ist&nbsp;Art. 6 Abs. 1 Buchstabe e, Abs. 2, Abs. 3 Buchstabe b DSGVO i.V.m. \u00a7 3 Landesdatenschutzgesetz Rheinland-Pfalz (LDSG).&nbsp;<\/p>\n\n\n\n<p><strong>11.&nbsp;Zweck der Datenverarbeitung<\/strong><\/p>\n\n\n\n<p>Die vor\u00fcbergehende Speicherung der IP-Adresse durch das System ist notwendig, um eine Auslieferung der Website an den Rechner des Nutzers zu erm\u00f6glichen. Hierf\u00fcr muss die IP-Adresse des Nutzers f\u00fcr die Dauer der Sitzung gespeichert bleiben.&nbsp;<\/p>\n\n\n\n<p>Wir nutzen diese Protokolldaten ohne Zuordnung zu Ihrer Person oder sonstiger Profilerstellung f\u00fcr statistische Auswertungen zum Zweck des Betriebs, der Sicherheit und der Optimierung unseres Onlineangebotes, aber auch zur anonymen Erfassung der Anzahl&nbsp;der Besucher auf unserer Webseite&nbsp;sowie zum Umfang und zur Art der Nutzung unserer Webseiteund Dienste. Aufgrund dieser Informationen k\u00f6nnen wir den Datenverkehr analysieren, Fehler suchen und beheben und unsere Dienste verbessern.<\/p>\n\n\n\n<p>Die Speicherung erfolgt&nbsp;somit lediglich, um die Funktionsf\u00e4higkeit der Website sicherzustellen.&nbsp;Zudem dienen&nbsp;uns&nbsp;die Daten zur&nbsp;Optimierung der Webseite&nbsp;und zur Sicherstellung der Sicherheit unserer informationstechnischen Systeme.&nbsp;Eine Auswertung&nbsp;der Daten zu Marketingzwecken findet in diesem Zusammenhang nicht statt.<\/p>\n\n\n\n<p><strong>12.&nbsp;Dauer der Speicherung<\/strong><\/p>\n\n\n\n<p>Die Daten werden gel\u00f6scht, sobald sie f\u00fcr die Erreichung des Zweckes ihrer Erhebung nicht mehr erforderlich sind. Im Falle der Erfassung der Daten zur Bereitstellung der Webseite ist dies der Fall, wenn die jeweilige Sitzung beendet ist.&nbsp;Im Falle der Speicherung der Daten in Logfiles ist dies nach sp\u00e4testens sieben Tagen der Fall.&nbsp;<\/p>\n\n\n\n<p>Eine dar\u00fcberhinausgehende Speicherung findet nicht statt.<\/p>\n\n\n\n<p><strong>13.&nbsp;Widerspruchs- und Beseitigungsm\u00f6glichkeit<\/strong><\/p>\n\n\n\n<p>Die Erfassung der Daten zur Bereitstellung der Website und die Speicherung der Daten in Logfiles ist f\u00fcr den Betrieb der Internetseite zwingend erforderlich. Es besteht folglich seitens des Nutzers keine Widerspruchsm\u00f6glichkeit.&nbsp;<\/p>\n\n\n\n<p><strong>VIII.&nbsp;Verwendung von&nbsp;Cookies&nbsp;(wenn vorhanden)<\/strong><\/p>\n\n\n\n<p><strong>a) Beschreibung und Umfang der Daten<\/strong><strong>verarbeitung<\/strong><\/p>\n\n\n\n<p>Unsere Webseite\u00a0verwendet Cookies. Bei Cookies handelt es sich um\u00a0Textdateien, die im Internetbrowser bzw. vom Internetbrowser auf dem Computersystem des Nutzers gespeichert werden. Ruft ein Nutzer\u00a0eine Webseite auf,\u00a0so kann\u00a0ein Cookie\u00a0auf dem Betriebssystem\u00a0des Nutzers gespeichert\u00a0werden. Dieser Cookie enth\u00e4lt eine charakteristische Zeichenfolge, die eine eindeutige Identifizierung des Browsers beim erneuten Aufrufen der Website erm\u00f6glicht.\u00a0<\/p>\n\n\n\n<p>Wir setzen Cookies ein, um unsere Website nutzerfreundlicher zu \ngestalten. Einige Elemente unserer Internetseite erfordern es, dass der \naufrufende Browser auch nach einem Seitenwechsel identifiziert werden \nkann.<\/p>\n\n\n\n<p>In den Cookies werden dabei folgende Daten gespeichert und \u00fcbermittelt:<\/p>\n\n\n\n<p>Es folgt eine Auflistung der gespeicherten Daten. Beispiele k\u00f6nnen sein:<\/p>\n\n\n\n<ol class=\"wp-block-list\"><li>Spracheinstellungen<\/li><li>Log-In-Informationen<\/li><\/ol>\n\n\n\n<p>Wir verwenden auf unserer Webseite dar\u00fcber hinaus Cookies, die eine \nAnalyse des Surfverhaltens der Nutzer erm\u00f6glichen. Auf diese Weise \nk\u00f6nnen folgende Daten \u00fcbermittelt werden:<\/p>\n\n\n\n<ol class=\"wp-block-list\"><li>Eingegebene Suchbegriffe<\/li><li>H\u00e4ufigkeit von Seitenaufrufen<\/li><li>Inanspruchnahme von Website-Funktionen<\/li><\/ol>\n\n\n\n<p>Die auf diese Weise erhobenen Daten der Nutzer werden durch \ntechnische Vorkehrungen pseudonymisiert. Daher ist eine Zuordnung der \nDaten zum aufrufenden Nutzer nicht mehr m\u00f6glich. Die Daten werden nicht \ngemeinsam mit sonstigen personenbezogenen Daten der Nutzer gespeichert.<\/p>\n\n\n\n<p>Beim Aufruf unserer Webseite wird der Nutzer \u00fcber die Verwendung von \nCookies zu Analysezwecken informiert und seine Einwilligung zur \nVerarbeitung der in diesem Zusammenhang verwendeten personenbezogenen \nDaten eingeholt. In diesem Zusammenhang erfolgt auch ein Hinweis auf \ndiese Datenschutzerkl\u00e4rung.<\/p>\n\n\n\n<p><strong>b) Rechtsgrundlage f\u00fcr die Datenverarbeitung&nbsp;<\/strong><\/p>\n\n\n\n<p>Die Rechtsgrundlage f\u00fcr die Verarbeitung personenbezogener Daten unter Verwendung&nbsp;<em>technisch notweniger Cookies<\/em>&nbsp;ist&nbsp;Art. 6 Abs. 3 lit. b DSGVO i.V.m. \u00a7 3 LDSG.<\/p>\n\n\n\n<p>Die Rechtsgrundlage f\u00fcr die Verarbeitung personenbezogener Daten unter Verwendung von&nbsp;<em>Cookies zu Analysezwecken<\/em>&nbsp;ist bei Vorliegen einer diesbez\u00fcglichen Einwilligung des Nutzers&nbsp;Art.&nbsp;6&nbsp;Abs.&nbsp;1&nbsp;lit.&nbsp;a DSGVO.<\/p>\n\n\n\n<p><strong>c) Zweck der Datenverarbeitung<\/strong><\/p>\n\n\n\n<p>Der Zweck der Verwendung technisch notwendiger Cookies ist, die \nNutzung von Webseites f\u00fcr die Nutzer zu vereinfachen. Einige Funktionen \nunserer Internetseite k\u00f6nnen ohne den Einsatz von Cookies nicht \nangeboten werden. F\u00fcr diese ist es erforderlich, dass der Browser auch \nnach einem Seitenwechsel wiedererkannt wird.<\/p>\n\n\n\n<p>Die durch technisch notwendige Cookies erhobenen Nutzerdaten werden nicht zur Erstellung von Nutzerprofilen verwendet.<\/p>\n\n\n\n<p>Die Verwendung der Analyse-Cookies erfolgt zu dem Zweck, die Qualit\u00e4t\n unserer Webseite und ihre Inhalte zu verbessern. Durch die \nAnalyse-Cookies erfahren wir, wie die Webseite genutzt wird und k\u00f6nnen \nso unser Angebot stetig optimieren.<\/p>\n\n\n\n<p><strong>e) Dauer der Speicherung, Widerspruchs- und Beseitigungsm\u00f6glichkeit<\/strong><\/p>\n\n\n\n<p>Cookies werden auf dem Rechner des Nutzers gespeichert und von diesem an unserer Seite \u00fcbermittelt. Daher haben Sie als Nutzer auch die volle Kontrolle \u00fcber die Verwendung von Cookies. Durch eine \u00c4nderung der Einstellungen in Ihrem Internetbrowser k\u00f6nnen&nbsp;Sie&nbsp;die&nbsp;\u00dcbertragung von Cookies deaktivieren oder einschr\u00e4nken. Bereits gespeicherte Cookies k\u00f6nnen jederzeit gel\u00f6scht werden. Dies kann auch automatisiert erfolgen.&nbsp;Werden Cookies f\u00fcr unsere Webseite deaktiviert, k\u00f6nnen m\u00f6glicherweise nicht mehr alle Funktionen der Website vollumf\u00e4nglich genutzt werden.<\/p>\n\n\n\n<p><strong>XI.&nbsp;Kontaktformular und&nbsp;E-Mail-Kontakt&nbsp;<\/strong><\/p>\n\n\n\n<p><strong>14.&nbsp;Beschreibung und Umfang der Datenverarbeitung<\/strong><\/p>\n\n\n\n<p>Auf unserer Internetseite ist ein Kontaktformular vorhanden, welches f\u00fcr die elektronische Kontaktaufnahme genutzt werden kann. Nimmt ein Nutzer diese M\u00f6glichkeit wahr, so werden die in der Eingabemaske eingegeben Daten an uns \u00fcbermittelt und gespeichert. Diese Daten sind:<\/p>\n\n\n\n<p><strong>Krankmeldung<\/strong>:<\/p>\n\n\n\n<p>Name des Kindes, Klasse<\/p>\n\n\n\n<p>E-Mail-Adresse<\/p>\n\n\n\n<p>Grund der Krankmeldung<\/p>\n\n\n\n<p>Voraussichtliche Anzahl der Fehltage<\/p>\n\n\n\n<p><strong>Kontaktformular<\/strong>:<\/p>\n\n\n\n<p>Name<\/p>\n\n\n\n<p>E-Mail<\/p>\n\n\n\n<p>Betreff<\/p>\n\n\n\n<p>Nachricht<\/p>\n\n\n\n<p>Im Zeitpunkt der Absendung der Nachricht werden zudem folgende Daten gespeichert:<\/p>\n\n\n\n<ol class=\"wp-block-list\"><li>Die IP-Adresse des Nutzers<\/li><li>Datum und Uhrzeit der Registrierung<\/li><\/ol>\n\n\n\n<p>F\u00fcr die Verarbeitung der Daten wird im Rahmen des Absendevorgangs Ihre Einwilligung eingeholt und auf diese Datenschutzerkl\u00e4rung verwiesen.<\/p>\n\n\n\n<p>Alternativ ist eine Kontaktaufnahme \u00fcber die bereitgestellte E-Mail-Adresse m\u00f6glich. In diesem Fall werden die mit der E-Mail \u00fcbermittelten personenbezogenen Daten des Nutzers gespeichert.&nbsp;<\/p>\n\n\n\n<p>Es&nbsp;erfolgt in diesem Zusammenhang keine Weitergabe der Daten an Dritte. Die Daten werden ausschlie\u00dflich f\u00fcr die Verarbeitung der Konversation verwendet.<\/p>\n\n\n\n<p><strong>15.&nbsp;Rechtsgrundlage f\u00fcr die Datenverarbeitung<\/strong><\/p>\n\n\n\n<p>Rechtsgrundlage f\u00fcr die Verarbeitung der Daten, die im Zuge des Kontaktformulars \u00fcbermittelt werden, ist bei Vorliegen der&nbsp;Einwilligung des Nutzers Art.&nbsp;6 Abs.&nbsp;1 lit.&nbsp;a DSGVO.<\/p>\n\n\n\n<p>Rechtsgrundlage f\u00fcr die Verarbeitung der Daten, die im Zuge einer \u00dcbersendung einer E-Mail \u00fcbermittelt werden,&nbsp;ist&nbsp;Art. 6 Abs. 3 lit. b DSGVO i.V.m. \u00a7 3 LDSG.&nbsp;<\/p>\n\n\n\n<p><strong>16.&nbsp;Zweck der Datenverarbeitung<\/strong><\/p>\n\n\n\n<p>Die Verarbeitung der personenbezogenen Daten&nbsp;aus der Eingabemaske&nbsp;dient uns&nbsp;allein&nbsp;zur Bearbeitung der Kontaktaufnahme.&nbsp;Im Falle einer Kontaktaufnahme per E-Mail liegt hieran auch das erforderliche berechtigte Interesse an der Verarbeitung der Daten.<\/p>\n\n\n\n<p>Die sonstigen w\u00e4hrend des Absendevorgangs verarbeiteten personenbezogenen Daten dienen dazu,&nbsp;einen Missbrauch des Kontaktformulars zu verhindern und die Sicherheit unserer informationstechnischen Systeme sicherzustellen.<\/p>\n\n\n\n<p><strong>17.&nbsp;Dauer der Speicherung<\/strong><\/p>\n\n\n\n<p>Die Daten werden gel\u00f6scht, sobald sie f\u00fcr die Erreichung des Zweckes ihrer Erhebung nicht mehr erforderlich sind.&nbsp;F\u00fcr die&nbsp;personenbezogenen Daten aus der Eingabemaske&nbsp;des Kontaktformulars und diejenigen, die per E-Mail \u00fcbersandt wurden,&nbsp;ist dies dann der Fall, wenn die jeweilige Konversation mit dem Nutzer beendet ist.&nbsp;<\/p>\n\n\n\n<p>Beendet ist die Konversation dann, wenn sich aus den Umst\u00e4nden entnehmen l\u00e4sst, dass der betroffene Sachverhalt abschlie\u00dfend gekl\u00e4rt ist.&nbsp;<\/p>\n\n\n\n<p>Die w\u00e4hrend des Absendevorgangs zus\u00e4tzlich erhobenen personenbezogenen Daten werden sp\u00e4testens nach einer Frist von sieben Tagen gel\u00f6scht.<\/p>\n\n\n\n<p><strong>18<\/strong>. <strong>&nbsp;Widerspruchs- und Beseitigungsm\u00f6glichkeit<\/strong><\/p>\n\n\n\n<p>Der Nutzer hat jederzeit die M\u00f6glichkeit,&nbsp;seine Einwilligung zur Verarbeitung der personenbezogenen Daten zu widerrufen.&nbsp;Nimmt der Nutzer per E-Mail Kontakt mit uns auf, so kann er der Speicherung seiner personenbezogenen Daten jederzeit widersprechen. In einem solchen Fall kann&nbsp;jedoch&nbsp;die Konversation nicht fortgef\u00fchrt werden.<\/p>\n\n\n\n<p><em>Es<\/em><em>&nbsp;folgt eine&nbsp;<\/em><em>Be<\/em><em>schreibung<\/em><em>,<\/em><em>&nbsp;auf welche Weise der Widerruf der Einwilligung und der Widerspruch der Speicherung<\/em><em>&nbsp;erm\u00f6glicht wird.<\/em><em>&nbsp;(z.B. Post, E-Mail, Telefonisch)<\/em><\/p>\n\n\n\n<p>Alle personenbezogenen Daten, die im Zuge der Kontaktaufnahme gespeichert wurden,werden in diesem Fall gel\u00f6scht.<\/p>\n\n\n\n<p><strong>XII.&nbsp;Rechte der betroffenen Person<\/strong><\/p>\n\n\n\n<p>Werden personenbezogene Daten von Ihnen verarbeitet, sind Sie \nBetroffener im Sinne der Datenschutz-Grundverordnung und es stehen Ihnen\n folgende Rechte gegen\u00fcber dem Verantwortlichen zu:<\/p>\n\n\n\n<p><strong>19.&nbsp;Auskunftsrecht<\/strong><\/p>\n\n\n\n<p>Sie k\u00f6nnen von dem Verantwortlichen eine Best\u00e4tigung dar\u00fcber verlangen, ob personenbezogene Daten, die Sie betreffen, von uns verarbeitet werden.&nbsp;Ist dies der Fall, so haben Sie ein Recht auf umfassende Auskunft \u00fcber diese personenbezogenen Daten und auf die in Art. 15 Abs. 1 DSGVO aufgef\u00fchrten Informationen.<\/p>\n\n\n\n<p><strong>20.&nbsp;Recht auf Berichtigung&nbsp;<\/strong><\/p>\n\n\n\n<p>Sie haben ein Recht auf Berichtigung und\/oder Vervollst\u00e4ndigung gegen\u00fcber dem Verantwortlichen, sofern die verarbeiteten personenbezogenen Daten, die Sie betreffen, unrichtig oder unvollst\u00e4ndig sind. Der Verantwortliche hat die Berichtigung unverz\u00fcglich vorzunehmen.<\/p>\n\n\n\n<p><strong>21.&nbsp;Recht auf Einschr\u00e4nkung der Verarbeitung<\/strong><\/p>\n\n\n\n<p>Unter den&nbsp;in Art. 18 DSGVO genannten&nbsp;Voraussetzungen k\u00f6nnen Sie die Einschr\u00e4nkung der Verarbeitung der Sie betreffenden personenbezogenen Daten verlangen.<\/p>\n\n\n\n<p>Wurde die Verarbeitung der Sie betreffenden personenbezogenen Daten eingeschr\u00e4nkt, d\u00fcrfen diese Daten \u2013 von ihrer Speicherung abgesehen \u2013 nur mit Ihrer Einwilligung oder zur Geltendmachung, Aus\u00fcbung oder Verteidigung von Rechtsanspr\u00fcchen oder zum Schutz der Rechte einer anderen nat\u00fcrlichen oder juristischen Person oder aus Gr\u00fcnden eines wichtigen \u00f6ffentlichen Interesses der Union oder eines Mitgliedstaats verarbeitet werden.<\/p>\n\n\n\n<p><strong>22<\/strong>.<strong>&nbsp;Recht auf L\u00f6schung<\/strong><\/p>\n\n\n\n<p>&nbsp;a)&nbsp;L\u00f6schungspflicht&nbsp;<\/p>\n\n\n\n<p>Sie k\u00f6nnen&nbsp;unter den in Art. 17 DSGVO genannten Voraussetzungen&nbsp;von dem Verantwortlichen verlangen, dass die Sie betreffenden personenbezogenen Daten unverz\u00fcglich gel\u00f6scht werden.<\/p>\n\n\n\n<p>b)&nbsp;Information an Dritte<\/p>\n\n\n\n<p>Hat der Verantwortliche die Sie betreffenden personenbezogenen Daten \u00f6ffentlich gemacht und ist er gem.&nbsp;Art.&nbsp;17&nbsp;Abs.&nbsp;1&nbsp;DSGVO&nbsp;zu deren L\u00f6schung verpflichtet, so trifft er unter Ber\u00fccksichtigung der verf\u00fcgbaren Technologie und der Implementierungskosten angemessene Ma\u00dfnahmen, auch technischer Art, um f\u00fcr die Datenverarbeitung Verantwortliche, die die personenbezogenen Daten verarbeiten, dar\u00fcber zu informieren, dass Sie als betroffene Person von ihnen die L\u00f6schung aller Links zu diesen personenbezogenen Daten oder von Kopien oder Replikationen dieser personenbezogenen Daten verlangt haben.<\/p>\n\n\n\n<p>&nbsp;c)&nbsp;Ausnahmen<\/p>\n\n\n\n<p>Das Recht auf L\u00f6schung besteht nicht, soweit die Verarbeitung&nbsp;gem\u00e4\u00df der Vorgaben des Art. 17 Abs. 3 DSGVO weiterhin&nbsp;erforderlich ist.<\/p>\n\n\n\n<p><strong>23. Recht auf Unterrichtung<\/strong><\/p>\n\n\n\n<p>Haben Sie das Recht auf Berichtigung, L\u00f6schung oder Einschr\u00e4nkung der Verarbeitung gegen\u00fcber dem Verantwortlichen geltend gemacht, ist dieser verpflichtet, allen Empf\u00e4ngern,&nbsp;denen die Sie betreffenden personenbezogenen Daten offengelegt wurden, diese Berichtigung oder L\u00f6schung der Daten oder Einschr\u00e4nkung der Verarbeitung mitzuteilen, es sei denn, dies erweist sich als unm\u00f6glich oder ist mit einem unverh\u00e4ltnism\u00e4\u00dfigen Aufwand verbunden.Ihnen steht gegen\u00fcber dem Verantwortlichen das Recht zu, \u00fcber diese Empf\u00e4nger unterrichtet zu werden.<\/p>\n\n\n\n<p><strong>24.&nbsp;Widerspruchsrecht<\/strong><\/p>\n\n\n\n<p>Sie haben das Recht, aus Gr\u00fcnden, die sich aus ihrer besonderen Situation ergeben, jederzeit gegen die Verarbeitung der Sie betreffenden personenbezogenen Daten, Widerspruch einzulegen.&nbsp;Der Verantwortliche verarbeitet die Sie betreffenden personenbezogenen Daten nicht mehr, es sei denn, er kann zwingende schutzw\u00fcrdige Gr\u00fcnde f\u00fcr die Verarbeitung nachweisen, die Ihre Interessen, Rechte und Freiheiten \u00fcberwiegen, oder die Verarbeitung dient der Geltendmachung, Aus\u00fcbung oder Verteidigung von Rechtsanspr\u00fcchen.<\/p>\n\n\n\n<p><strong>25. Recht auf Widerruf der datenschutzrechtlichen Einwilligungserkl\u00e4rung<\/strong><\/p>\n\n\n\n<p>Sie haben das Recht, Ihre datenschutzrechtliche Einwilligungserkl\u00e4rung jederzeit zu widerrufen. Durch den Widerruf der Einwilligung wird die Rechtm\u00e4\u00dfigkeit der aufgrund der Einwilligung bis zum Widerruf erfolgten Verarbeitung nicht ber\u00fchrt.<\/p>\n\n\n\n<p><strong>26.&nbsp;Recht auf Beschwerde bei einer Aufsichtsbeh\u00f6rde<\/strong><\/p>\n\n\n\n<p>Unbeschadet anderweitiger Rechtsbehelfe steht Ihnen das Recht auf Beschwerde bei einer Aufsichtsbeh\u00f6rde zu, wenn Sie der Ansicht sind, dass die Verarbeitung der Sie betreffenden personenbezogenen Daten gegen geltendes Datenschutzrecht verst\u00f6\u00dft.<\/p>\n\n\n\n<p><strong>XIII.&nbsp;Auftragsverarbeitung , keine Daten\u00fcbertragung ins Nicht-EU-Ausland<\/strong><\/p>\n\n\n\n<p>F\u00fcr den Fall, dass wir bestimmte Teile der Verarbeitung von personenbezogenen Daten auslagern (&#8222;Auftragsverarbeitung&#8220;), verpflichten wir den Auftragsverarbeiter vertraglich dazu, personenbezogene Daten nur im Einklang mit den Anforderungen der Datenschutzgesetze zu verwenden und den Schutz der Rechte der betroffenen Person zu gew\u00e4hrleisten.&nbsp;<\/p>\n\n\n\n<p>Eine Daten\u00fcbertragung an Stellen oder Personen au\u00dferhalb der EU findet nicht statt und ist nicht geplant.<\/p>\n\n\n\n<p><\/p>\n","protected":false},"excerpt":{"rendered":"<p>Herzlich Willkommen auf unserer schulischen Webseite.&nbsp;Wir messen dem Datenschutz gro\u00dfe Bedeutung bei. Die Verarbeitung Ihrer personenbezogenen Daten geschieht unter Beachtung der geltenden datenschutzrechtlichen Vorschriften, insbesondere der Datenschutzgrundverordnung (DSGVO) und der&nbsp;dar\u00fcber hinausgehenden&nbsp;einschl\u00e4gigen nationalen Datenschutzregelungen. Wir erheben und verarbeiten Ihre personenbezogenen Daten, [&hellip;]<\/p>\n","protected":false},"author":1,"featured_media":0,"parent":0,"menu_order":0,"comment_status":"closed","ping_status":"closed","template":"","meta":{"ngg_post_thumbnail":0,"footnotes":""},"class_list":["post-514","page","type-page","status-publish","hentry"],"_links":{"self":[{"href":"https:\/\/grundschule-etzbach.de\/index.php?rest_route=\/wp\/v2\/pages\/514","targetHints":{"allow":["GET"]}}],"collection":[{"href":"https:\/\/grundschule-etzbach.de\/index.php?rest_route=\/wp\/v2\/pages"}],"about":[{"href":"https:\/\/grundschule-etzbach.de\/index.php?rest_route=\/wp\/v2\/types\/page"}],"author":[{"embeddable":true,"href":"https:\/\/grundschule-etzbach.de\/index.php?rest_route=\/wp\/v2\/users\/1"}],"replies":[{"embeddable":true,"href":"https:\/\/grundschule-etzbach.de\/index.php?rest_route=%2Fwp%2Fv2%2Fcomments&post=514"}],"version-history":[{"count":12,"href":"https:\/\/grundschule-etzbach.de\/index.php?rest_route=\/wp\/v2\/pages\/514\/revisions"}],"predecessor-version":[{"id":821,"href":"https:\/\/grundschule-etzbach.de\/index.php?rest_route=\/wp\/v2\/pages\/514\/revisions\/821"}],"wp:attachment":[{"href":"https:\/\/grundschule-etzbach.de\/index.php?rest_route=%2Fwp%2Fv2%2Fmedia&parent=514"}],"curies":[{"name":"wp","href":"https:\/\/api.w.org\/{rel}","templated":true}]}}