{"id":68,"date":"2019-08-29T18:14:39","date_gmt":"2019-08-29T18:14:39","guid":{"rendered":"http:\/\/grundschule-etzbach.de\/?page_id=68"},"modified":"2025-03-25T19:10:15","modified_gmt":"2025-03-25T19:10:15","slug":"unsere-schule","status":"publish","type":"page","link":"https:\/\/grundschule-etzbach.de\/?page_id=68","title":{"rendered":"Unsere Schule"},"content":{"rendered":"\n<h2 class=\"wp-block-heading\">Infos zu unserer Schule<\/h2>\n\n\n\n<figure class=\"wp-block-image\"><img loading=\"lazy\" decoding=\"async\" width=\"1024\" height=\"626\" src=\"https:\/\/grundschule-etzbach.de\/wp-content\/uploads\/2019\/11\/img044-1024x626.jpg\" alt=\"\" class=\"wp-image-653\" srcset=\"https:\/\/grundschule-etzbach.de\/wp-content\/uploads\/2019\/11\/img044.jpg 1024w, https:\/\/grundschule-etzbach.de\/wp-content\/uploads\/2019\/11\/img044-300x183.jpg 300w, https:\/\/grundschule-etzbach.de\/wp-content\/uploads\/2019\/11\/img044-768x470.jpg 768w\" sizes=\"auto, (max-width: 1024px) 100vw, 1024px\" \/><\/figure>\n\n\n\n<p class=\"has-brown-color has-orange-background-color has-text-color has-background\">Die Grundschule Etzbach ist ungef\u00e4hr 50 Jahre alt. Zurzeit besuchen ca. 200 Sch\u00fclerinnen und Sch\u00fcler in zehn Klassen die Schule, von denen ungef\u00e4hr 50 in der Ganztagsschule angemeldet sind. In der Schule sind insgesamt 11 Lehrerinnen und Lehrer besch\u00e4ftigt sowie zwei FSJLER.<br>Ab 7.30 Uhr beginnt die Schule mit einem Offenen Anfang, der Unterricht startet um 7.45 Uhr und endet in den Klassen 3 und 4 um 12.45 Uhr. Seit 2019 ist die Ganztagsschule in Angebotsform hinzugekommen.<br>Der Neubau der Schule wurde 1992 erstellt. Die Grundschule hatte schon 4 Schulleiter. Heute leitet Frau Quast unsere Schule.<\/p>\n","protected":false},"excerpt":{"rendered":"<p>Infos zu unserer Schule Die Grundschule Etzbach ist ungef\u00e4hr 50 Jahre alt. Zurzeit besuchen ca. 200 Sch\u00fclerinnen und Sch\u00fcler in zehn Klassen die Schule, von denen ungef\u00e4hr 50 in der Ganztagsschule angemeldet sind. In der Schule sind insgesamt 11 Lehrerinnen [&hellip;]<\/p>\n","protected":false},"author":1,"featured_media":0,"parent":14,"menu_order":1,"comment_status":"closed","ping_status":"closed","template":"","meta":{"ngg_post_thumbnail":0,"footnotes":""},"class_list":["post-68","page","type-page","status-publish","hentry"],"_links":{"self":[{"href":"https:\/\/grundschule-etzbach.de\/index.php?rest_route=\/wp\/v2\/pages\/68","targetHints":{"allow":["GET"]}}],"collection":[{"href":"https:\/\/grundschule-etzbach.de\/index.php?rest_route=\/wp\/v2\/pages"}],"about":[{"href":"https:\/\/grundschule-etzbach.de\/index.php?rest_route=\/wp\/v2\/types\/page"}],"author":[{"embeddable":true,"href":"https:\/\/grundschule-etzbach.de\/index.php?rest_route=\/wp\/v2\/users\/1"}],"replies":[{"embeddable":true,"href":"https:\/\/grundschule-etzbach.de\/index.php?rest_route=%2Fwp%2Fv2%2Fcomments&post=68"}],"version-history":[{"count":13,"href":"https:\/\/grundschule-etzbach.de\/index.php?rest_route=\/wp\/v2\/pages\/68\/revisions"}],"predecessor-version":[{"id":2304,"href":"https:\/\/grundschule-etzbach.de\/index.php?rest_route=\/wp\/v2\/pages\/68\/revisions\/2304"}],"up":[{"embeddable":true,"href":"https:\/\/grundschule-etzbach.de\/index.php?rest_route=\/wp\/v2\/pages\/14"}],"wp:attachment":[{"href":"https:\/\/grundschule-etzbach.de\/index.php?rest_route=%2Fwp%2Fv2%2Fmedia&parent=68"}],"curies":[{"name":"wp","href":"https:\/\/api.w.org\/{rel}","templated":true}]}}