{"id":72,"date":"2019-08-29T18:15:17","date_gmt":"2019-08-29T18:15:17","guid":{"rendered":"http:\/\/grundschule-etzbach.de\/?page_id=72"},"modified":"2020-04-29T11:18:49","modified_gmt":"2020-04-29T11:18:49","slug":"paedagogische-schulentwicklung","status":"publish","type":"page","link":"https:\/\/grundschule-etzbach.de\/?page_id=72","title":{"rendered":"P\u00e4dagogische Schulentwicklung"},"content":{"rendered":"\n<p class=\"has-text-color has-background has-brown-color has-orange-background-color\"> Ein wesentlicher p\u00e4dagogischer Schwerpunkt unserer Schule ist die \u201e<strong><em>P\u00e4dagogische  Schulentwicklung<\/em><\/strong>&#8222;. Das \u201e<strong><em>Haus des Lernens<\/em><\/strong>&#8220; bildet die Grundlage f\u00fcr das Aneignen von Wissen und das Erlangen von Kompetenzen. Die Sch\u00fclerinnen und Sch\u00fcler trainieren die im Unterricht verwendeten Methoden, kommunizieren gezielt miteinander und lernen die Regeln f\u00fcr Gruppenarbeit sowie den Umgang mit anderen in der Gruppe. Der Unterricht ist zum Teil spiralf\u00f6rmig aufgebaut, so dass durch wiederkehrende \u00dcbungsphasen mit wechselndem             Schwierigkeitsgrad Kompetenzen erworben und gefestigt werden. Das \u201eHaus des Lernens&#8220; bildet die Grundlage der p\u00e4dagogischen \u00dcberlegungen. <\/p>\n\n\n\n<figure class=\"wp-block-image\"><img loading=\"lazy\" decoding=\"async\" width=\"768\" height=\"994\" src=\"https:\/\/grundschule-etzbach.de\/wp-content\/uploads\/2019\/10\/IMG_20190924_145407.jpg\" alt=\"\" class=\"wp-image-271\" srcset=\"https:\/\/grundschule-etzbach.de\/wp-content\/uploads\/2019\/10\/IMG_20190924_145407.jpg 768w, https:\/\/grundschule-etzbach.de\/wp-content\/uploads\/2019\/10\/IMG_20190924_145407-232x300.jpg 232w\" sizes=\"auto, (max-width: 768px) 100vw, 768px\" \/><\/figure>\n","protected":false},"excerpt":{"rendered":"<p>Ein wesentlicher p\u00e4dagogischer Schwerpunkt unserer Schule ist die \u201eP\u00e4dagogische Schulentwicklung&#8222;. Das \u201eHaus des Lernens&#8220; bildet die Grundlage f\u00fcr das Aneignen von Wissen und das Erlangen von Kompetenzen. Die Sch\u00fclerinnen und Sch\u00fcler trainieren die im Unterricht verwendeten Methoden, kommunizieren gezielt miteinander [&hellip;]<\/p>\n","protected":false},"author":1,"featured_media":0,"parent":14,"menu_order":4,"comment_status":"closed","ping_status":"closed","template":"","meta":{"ngg_post_thumbnail":0,"footnotes":""},"class_list":["post-72","page","type-page","status-publish","hentry"],"_links":{"self":[{"href":"https:\/\/grundschule-etzbach.de\/index.php?rest_route=\/wp\/v2\/pages\/72","targetHints":{"allow":["GET"]}}],"collection":[{"href":"https:\/\/grundschule-etzbach.de\/index.php?rest_route=\/wp\/v2\/pages"}],"about":[{"href":"https:\/\/grundschule-etzbach.de\/index.php?rest_route=\/wp\/v2\/types\/page"}],"author":[{"embeddable":true,"href":"https:\/\/grundschule-etzbach.de\/index.php?rest_route=\/wp\/v2\/users\/1"}],"replies":[{"embeddable":true,"href":"https:\/\/grundschule-etzbach.de\/index.php?rest_route=%2Fwp%2Fv2%2Fcomments&post=72"}],"version-history":[{"count":6,"href":"https:\/\/grundschule-etzbach.de\/index.php?rest_route=\/wp\/v2\/pages\/72\/revisions"}],"predecessor-version":[{"id":1003,"href":"https:\/\/grundschule-etzbach.de\/index.php?rest_route=\/wp\/v2\/pages\/72\/revisions\/1003"}],"up":[{"embeddable":true,"href":"https:\/\/grundschule-etzbach.de\/index.php?rest_route=\/wp\/v2\/pages\/14"}],"wp:attachment":[{"href":"https:\/\/grundschule-etzbach.de\/index.php?rest_route=%2Fwp%2Fv2%2Fmedia&parent=72"}],"curies":[{"name":"wp","href":"https:\/\/api.w.org\/{rel}","templated":true}]}}