{"id":78,"date":"2019-08-29T18:22:06","date_gmt":"2019-08-29T18:22:06","guid":{"rendered":"http:\/\/grundschule-etzbach.de\/?page_id=78"},"modified":"2025-08-22T10:00:48","modified_gmt":"2025-08-22T10:00:48","slug":"betreuende-grundschule","status":"publish","type":"page","link":"https:\/\/grundschule-etzbach.de\/?page_id=78","title":{"rendered":"Betreuende Grundschule"},"content":{"rendered":"\n<p class=\"has-drop-cap has-brown-color has-purple-background-color has-text-color has-background\">Die Grundschule Etzbach bietet f\u00fcr die Kinder der ersten und zweiten Klassen an, im Rahmen der Betreuenden Grundschule \u00fcber den Unterricht hinaus betreut zu werden. <br><br>Die Betreuung findet im Anschluss an die 4. Unterrichtsstunde montags bis freitags von <strong>11:45 Uhr bis 12:45 Uhr <\/strong>statt.&nbsp;<br><br>W\u00e4hrend der Betreuungszeit k\u00f6nnen die Kinder spielen, malen, basteln, Geschichten zuh\u00f6ren und \u00c4hnliches. <br><br> Frau Gerhards und Frau Hassel leiten die Betreuung.<\/p>\n\n\n\n<figure class=\"wp-block-gallery alignfull has-nested-images columns-default is-cropped wp-block-gallery-1 is-layout-flex wp-block-gallery-is-layout-flex\">\n<figure class=\"wp-block-image size-large\"><img loading=\"lazy\" decoding=\"async\" width=\"1024\" height=\"768\" data-id=\"643\" src=\"https:\/\/grundschule-etzbach.de\/wp-content\/uploads\/2019\/11\/F4BF0FAF-7856-45D4-8CB5-9EAC2338E854-1024x768.jpeg\" alt=\"\" class=\"wp-image-643\" srcset=\"https:\/\/grundschule-etzbach.de\/wp-content\/uploads\/2019\/11\/F4BF0FAF-7856-45D4-8CB5-9EAC2338E854-1024x768.jpeg 1024w, https:\/\/grundschule-etzbach.de\/wp-content\/uploads\/2019\/11\/F4BF0FAF-7856-45D4-8CB5-9EAC2338E854-300x225.jpeg 300w, https:\/\/grundschule-etzbach.de\/wp-content\/uploads\/2019\/11\/F4BF0FAF-7856-45D4-8CB5-9EAC2338E854-768x576.jpeg 768w, https:\/\/grundschule-etzbach.de\/wp-content\/uploads\/2019\/11\/F4BF0FAF-7856-45D4-8CB5-9EAC2338E854-360x270.jpeg 360w\" sizes=\"auto, (max-width: 1024px) 100vw, 1024px\" \/><\/figure>\n\n\n\n<figure class=\"wp-block-image size-large\"><img loading=\"lazy\" decoding=\"async\" width=\"1024\" height=\"768\" data-id=\"644\" src=\"https:\/\/grundschule-etzbach.de\/wp-content\/uploads\/2019\/11\/53FF0B33-E31F-44BC-996F-DDCA3DF76A33-1024x768.jpeg\" alt=\"\" class=\"wp-image-644\" srcset=\"https:\/\/grundschule-etzbach.de\/wp-content\/uploads\/2019\/11\/53FF0B33-E31F-44BC-996F-DDCA3DF76A33-1024x768.jpeg 1024w, https:\/\/grundschule-etzbach.de\/wp-content\/uploads\/2019\/11\/53FF0B33-E31F-44BC-996F-DDCA3DF76A33-300x225.jpeg 300w, https:\/\/grundschule-etzbach.de\/wp-content\/uploads\/2019\/11\/53FF0B33-E31F-44BC-996F-DDCA3DF76A33-768x576.jpeg 768w, https:\/\/grundschule-etzbach.de\/wp-content\/uploads\/2019\/11\/53FF0B33-E31F-44BC-996F-DDCA3DF76A33-360x270.jpeg 360w\" sizes=\"auto, (max-width: 1024px) 100vw, 1024px\" \/><\/figure>\n\n\n\n<figure class=\"wp-block-image size-large\"><img loading=\"lazy\" decoding=\"async\" width=\"1024\" height=\"768\" data-id=\"645\" src=\"https:\/\/grundschule-etzbach.de\/wp-content\/uploads\/2019\/11\/78016854-3F3B-4743-8218-844661746DD9-1024x768.jpeg\" alt=\"\" class=\"wp-image-645\" srcset=\"https:\/\/grundschule-etzbach.de\/wp-content\/uploads\/2019\/11\/78016854-3F3B-4743-8218-844661746DD9-1024x768.jpeg 1024w, https:\/\/grundschule-etzbach.de\/wp-content\/uploads\/2019\/11\/78016854-3F3B-4743-8218-844661746DD9-300x225.jpeg 300w, https:\/\/grundschule-etzbach.de\/wp-content\/uploads\/2019\/11\/78016854-3F3B-4743-8218-844661746DD9-768x576.jpeg 768w, https:\/\/grundschule-etzbach.de\/wp-content\/uploads\/2019\/11\/78016854-3F3B-4743-8218-844661746DD9-360x270.jpeg 360w\" sizes=\"auto, (max-width: 1024px) 100vw, 1024px\" \/><\/figure>\n<\/figure>\n","protected":false},"excerpt":{"rendered":"<p>Die Grundschule Etzbach bietet f\u00fcr die Kinder der ersten und zweiten Klassen an, im Rahmen der Betreuenden Grundschule \u00fcber den Unterricht hinaus betreut zu werden. Die Betreuung findet im Anschluss an die 4. Unterrichtsstunde montags bis freitags von 11:45 Uhr [&hellip;]<\/p>\n","protected":false},"author":1,"featured_media":0,"parent":15,"menu_order":2,"comment_status":"closed","ping_status":"closed","template":"","meta":{"ngg_post_thumbnail":0,"footnotes":""},"class_list":["post-78","page","type-page","status-publish","hentry"],"_links":{"self":[{"href":"https:\/\/grundschule-etzbach.de\/index.php?rest_route=\/wp\/v2\/pages\/78","targetHints":{"allow":["GET"]}}],"collection":[{"href":"https:\/\/grundschule-etzbach.de\/index.php?rest_route=\/wp\/v2\/pages"}],"about":[{"href":"https:\/\/grundschule-etzbach.de\/index.php?rest_route=\/wp\/v2\/types\/page"}],"author":[{"embeddable":true,"href":"https:\/\/grundschule-etzbach.de\/index.php?rest_route=\/wp\/v2\/users\/1"}],"replies":[{"embeddable":true,"href":"https:\/\/grundschule-etzbach.de\/index.php?rest_route=%2Fwp%2Fv2%2Fcomments&post=78"}],"version-history":[{"count":16,"href":"https:\/\/grundschule-etzbach.de\/index.php?rest_route=\/wp\/v2\/pages\/78\/revisions"}],"predecessor-version":[{"id":2402,"href":"https:\/\/grundschule-etzbach.de\/index.php?rest_route=\/wp\/v2\/pages\/78\/revisions\/2402"}],"up":[{"embeddable":true,"href":"https:\/\/grundschule-etzbach.de\/index.php?rest_route=\/wp\/v2\/pages\/15"}],"wp:attachment":[{"href":"https:\/\/grundschule-etzbach.de\/index.php?rest_route=%2Fwp%2Fv2%2Fmedia&parent=78"}],"curies":[{"name":"wp","href":"https:\/\/api.w.org\/{rel}","templated":true}]}}