{"id":80,"date":"2019-08-29T18:22:18","date_gmt":"2019-08-29T18:22:18","guid":{"rendered":"http:\/\/grundschule-etzbach.de\/?page_id=80"},"modified":"2020-04-29T11:22:15","modified_gmt":"2020-04-29T11:22:15","slug":"buecherei","status":"publish","type":"page","link":"https:\/\/grundschule-etzbach.de\/?page_id=80","title":{"rendered":"B\u00fccherei"},"content":{"rendered":"\n<p class=\"has-text-color has-background has-drop-cap has-black-color has-purple-background-color\"> In unserer Schulb\u00fccherei k\u00f6nnen alle Kinder der Schule B\u00fccher ausleihen. <\/p>\n\n\n\n<figure class=\"wp-block-image\"><img loading=\"lazy\" decoding=\"async\" width=\"1024\" height=\"768\" src=\"https:\/\/grundschule-etzbach.de\/wp-content\/uploads\/2019\/10\/IMG_20190926_094447-1024x768.jpg\" alt=\"\" class=\"wp-image-268\" srcset=\"https:\/\/grundschule-etzbach.de\/wp-content\/uploads\/2019\/10\/IMG_20190926_094447.jpg 1024w, https:\/\/grundschule-etzbach.de\/wp-content\/uploads\/2019\/10\/IMG_20190926_094447-300x225.jpg 300w, https:\/\/grundschule-etzbach.de\/wp-content\/uploads\/2019\/10\/IMG_20190926_094447-768x576.jpg 768w, https:\/\/grundschule-etzbach.de\/wp-content\/uploads\/2019\/10\/IMG_20190926_094447-360x270.jpg 360w\" sizes=\"auto, (max-width: 1024px) 100vw, 1024px\" \/><\/figure>\n\n\n\n<p class=\"has-text-color has-background has-drop-cap has-brown-color has-purple-background-color\"><strong>Dienstags und Donnerstags<\/strong> ist die B\u00fccherei von <strong>halb zehn bis zehn Uhr <\/strong>ge\u00f6ffnet. <\/p>\n\n\n\n<figure class=\"wp-block-image\"><img loading=\"lazy\" decoding=\"async\" width=\"1024\" height=\"768\" src=\"https:\/\/grundschule-etzbach.de\/wp-content\/uploads\/2019\/10\/IMG_20190926_094435-1024x768.jpg\" alt=\"\" class=\"wp-image-269\" srcset=\"https:\/\/grundschule-etzbach.de\/wp-content\/uploads\/2019\/10\/IMG_20190926_094435.jpg 1024w, https:\/\/grundschule-etzbach.de\/wp-content\/uploads\/2019\/10\/IMG_20190926_094435-300x225.jpg 300w, https:\/\/grundschule-etzbach.de\/wp-content\/uploads\/2019\/10\/IMG_20190926_094435-768x576.jpg 768w, https:\/\/grundschule-etzbach.de\/wp-content\/uploads\/2019\/10\/IMG_20190926_094435-360x270.jpg 360w\" sizes=\"auto, (max-width: 1024px) 100vw, 1024px\" \/><\/figure>\n\n\n\n<p><\/p>\n","protected":false},"excerpt":{"rendered":"<p>In unserer Schulb\u00fccherei k\u00f6nnen alle Kinder der Schule B\u00fccher ausleihen. Dienstags und Donnerstags ist die B\u00fccherei von halb zehn bis zehn Uhr ge\u00f6ffnet.<\/p>\n","protected":false},"author":1,"featured_media":0,"parent":15,"menu_order":3,"comment_status":"closed","ping_status":"closed","template":"","meta":{"ngg_post_thumbnail":0,"footnotes":""},"class_list":["post-80","page","type-page","status-publish","hentry"],"_links":{"self":[{"href":"https:\/\/grundschule-etzbach.de\/index.php?rest_route=\/wp\/v2\/pages\/80","targetHints":{"allow":["GET"]}}],"collection":[{"href":"https:\/\/grundschule-etzbach.de\/index.php?rest_route=\/wp\/v2\/pages"}],"about":[{"href":"https:\/\/grundschule-etzbach.de\/index.php?rest_route=\/wp\/v2\/types\/page"}],"author":[{"embeddable":true,"href":"https:\/\/grundschule-etzbach.de\/index.php?rest_route=\/wp\/v2\/users\/1"}],"replies":[{"embeddable":true,"href":"https:\/\/grundschule-etzbach.de\/index.php?rest_route=%2Fwp%2Fv2%2Fcomments&post=80"}],"version-history":[{"count":7,"href":"https:\/\/grundschule-etzbach.de\/index.php?rest_route=\/wp\/v2\/pages\/80\/revisions"}],"predecessor-version":[{"id":1008,"href":"https:\/\/grundschule-etzbach.de\/index.php?rest_route=\/wp\/v2\/pages\/80\/revisions\/1008"}],"up":[{"embeddable":true,"href":"https:\/\/grundschule-etzbach.de\/index.php?rest_route=\/wp\/v2\/pages\/15"}],"wp:attachment":[{"href":"https:\/\/grundschule-etzbach.de\/index.php?rest_route=%2Fwp%2Fv2%2Fmedia&parent=80"}],"curies":[{"name":"wp","href":"https:\/\/api.w.org\/{rel}","templated":true}]}}