{"id":84,"date":"2019-08-29T18:22:46","date_gmt":"2019-08-29T18:22:46","guid":{"rendered":"http:\/\/grundschule-etzbach.de\/?page_id=84"},"modified":"2023-05-07T15:57:08","modified_gmt":"2023-05-07T15:57:08","slug":"foerderverein","status":"publish","type":"page","link":"https:\/\/grundschule-etzbach.de\/?page_id=84","title":{"rendered":"F\u00f6rderverein"},"content":{"rendered":"\n<p><strong>Liebe Eltern, Erziehungsberechtigte, Freunde und Mitglieder<\/strong>,<\/p>\n\n\n\n<p>wir m\u00f6chten uns als der neue Vorstand des F\u00f6rdervereins bei euch vorstellen:<\/p>\n\n\n\n<p>Mein Name ist <strong>Manuela Wi\u00dfer<\/strong> und ich bin seit dem Jahr 2017 als Kassiererin im Vorstand unseres F\u00f6rdervereins t\u00e4tig.<br>Ich habe drei M\u00e4dels, wovon mittlerweile meine \u00e4lteste und mittlere Tochter die weiterf\u00fchrende Schule besuchen. Lenja besucht die 3.Klasse.<br>Ich bin guter Dinge, dass wir uns in neuer Konstellation f\u00fcr die Belange und Interessen unserer Kinder gemeinsam stark machen k\u00f6nnen!<\/p>\n\n\n\n<p>Mein Name ist <strong>Helene Wiens<\/strong>. Von meinen vier Kindern besucht eins die 3.Klasse. Gerne engagiere ich mich f\u00fcr unsere tolle, kleine, famili\u00e4re Grundschule.<\/p>\n\n\n\n<p>Mein Name ist <strong>Eva Klein <\/strong>und meine gro\u00dfe Tochter geht aktuell in die 2. Klasse. Ihre kleine Schwester besucht den Kindergarten. Durch Manuela Wi\u00dfer wurde ich auf die bedeutsame Arbeit des F\u00f6rdervereins aufmerksam. Sofort war klar, dass ich hier gerne unterst\u00fctzen m\u00f6chte. Ich freue mich sehr auf die neue Aufgabe und viele tolle Projekte in Zusammenarbeit mit der Schule und den Eltern.<\/p>\n\n\n\n<p>Bei R\u00fcckfragen zu unserer Arbeit, der Mitgliedschaft, unseren geplanten Projekten oder dem Wunsch, uns bei unserer Arbeit zu unterst\u00fctzen, meldet euch gerne!<\/p>\n\n\n\n<figure class=\"wp-block-image size-large\"><img loading=\"lazy\" decoding=\"async\" width=\"1024\" height=\"683\" src=\"https:\/\/grundschule-etzbach.de\/wp-content\/uploads\/2023\/05\/IMG_2703-1024x683.jpg\" alt=\"\" class=\"wp-image-1698\" srcset=\"https:\/\/grundschule-etzbach.de\/wp-content\/uploads\/2023\/05\/IMG_2703-1024x683.jpg 1024w, https:\/\/grundschule-etzbach.de\/wp-content\/uploads\/2023\/05\/IMG_2703-300x200.jpg 300w, https:\/\/grundschule-etzbach.de\/wp-content\/uploads\/2023\/05\/IMG_2703-768x512.jpg 768w, https:\/\/grundschule-etzbach.de\/wp-content\/uploads\/2023\/05\/IMG_2703-1536x1025.jpg 1536w, https:\/\/grundschule-etzbach.de\/wp-content\/uploads\/2023\/05\/IMG_2703-2048x1366.jpg 2048w\" sizes=\"auto, (max-width: 1024px) 100vw, 1024px\" \/><\/figure>\n\n\n\n<p>Manuela Wi\u00dfer (Links, Kassiererin)<br>Helene Wiens (Mitte, 2. Vorsitzende)<br>Eva Klein (Rechts, 1. Vorsitzende)<\/p>\n\n\n\n<p><em><br>Im Jahr 2003  gr\u00fcndete sich der F\u00f6rderverein der Grundschule Etzbach e.V. mit dem  Ziel, der Grundschule und ihrem engagierten Lehrerkollegium zus\u00e4tzliche  finanzielle M\u00f6glichkeiten f\u00fcr alle Sch\u00fcler der Grundschule zu bieten.<br>Durch  die fortschreitende allgemeine Sparpolitik sind die finanziellen  M\u00f6glichkeiten zur\u00fcck gegangen. Der F\u00f6rderverein hilft unb\u00fcrokratisch bei  vielen schulischen Belangen.<\/em><\/p>\n\n\n\n<p><em>Folgende Projekte\/Anschaffungen werden bzw. wurden mit Hilfe des F\u00f6rdervereins finanziert:<\/em><\/p>\n\n\n\nngg_shortcode_0_placeholder\n\n\n\n<p><em><br><br>Diese  Zusch\u00fcsse, auch f\u00fcr Ihre Kinder, sind nur Dank der Mitgliedsbeitr\u00e4ge,  Spenden und der \u00dcbersch\u00fcsse aus den Schulveranstaltungen wie  Einschulung, Schulfest etc. m\u00f6glich. An dieser Stelle m\u00f6chten wir es  nicht vers\u00e4umen, den bisherigen Mitgliedern und Spendern und nat\u00fcrlich den Helfern bei den Veranstaltungen f\u00fcr ihr Engagement zu danken.<br>Wenn  auch Sie uns finanziell unterst\u00fctzen m\u00f6chten, so ist das folgenderma\u00dfen  m\u00f6glich: Werden Sie Mitglied im F\u00f6rderverein der Grundschule Etzbach  e.V. und zahlen Sie einen Jahresbeitrag, dessen H\u00f6he Sie selbst  bestimmen.<br>Der Mindestbeitrag betr\u00e4gt 6,- Euro pro Jahr. Gern erledigen wir dieses per Einzugserm\u00e4chtigung.<br>Wir  wissen, die Erteilung einer Einzugserm\u00e4chtigung h\u00e4lt einige Menschen  von dem Beitritt ab und f\u00fcr diese haben wir uns nun als Alternative  \u00fcberlegt:<br>Nach erfolgter Beitrittserkl\u00e4rung erhalten Sie von uns die  Bankdaten, mit denen Sie bei Ihrer Bank einen Dauerauftrag jeweils zum  1. M\u00e4rz (1 x pro Jahr) einrichten k\u00f6nnen. Gern k\u00f6nnen Sie aber auch als  Nichtmitglied Spenden vornehmen.<br><br><\/em><strong><br><br>Hier finden Sie den Mitgliedsantrag zum Ausdrucken:<\/strong><\/p>\n\n\n\n<div class=\"wp-block-file\"><a id=\"wp-block-file--media-582be148-4cfb-4e7b-8304-3b93bdf28f6b\" href=\"https:\/\/grundschule-etzbach.de\/wp-content\/uploads\/2019\/09\/mitgliedsantrag.pdf\">Mitgliedsantrag<\/a><a href=\"https:\/\/grundschule-etzbach.de\/wp-content\/uploads\/2019\/09\/mitgliedsantrag.pdf\" class=\"wp-block-file__button wp-element-button\" download aria-describedby=\"wp-block-file--media-582be148-4cfb-4e7b-8304-3b93bdf28f6b\">Herunterladen<\/a><\/div>\n\n\n\n<p><\/p>\n\n\n\n<p><\/p>\n","protected":false},"excerpt":{"rendered":"<p>Liebe Eltern, Erziehungsberechtigte, Freunde und Mitglieder, wir m\u00f6chten uns als der neue Vorstand des F\u00f6rdervereins bei euch vorstellen: Mein Name ist Manuela Wi\u00dfer und ich bin seit dem Jahr 2017 als Kassiererin im Vorstand unseres F\u00f6rdervereins t\u00e4tig.Ich habe drei M\u00e4dels, [&hellip;]<\/p>\n","protected":false},"author":1,"featured_media":0,"parent":15,"menu_order":5,"comment_status":"closed","ping_status":"closed","template":"","meta":{"ngg_post_thumbnail":0,"footnotes":""},"class_list":["post-84","page","type-page","status-publish","hentry"],"_links":{"self":[{"href":"https:\/\/grundschule-etzbach.de\/index.php?rest_route=\/wp\/v2\/pages\/84","targetHints":{"allow":["GET"]}}],"collection":[{"href":"https:\/\/grundschule-etzbach.de\/index.php?rest_route=\/wp\/v2\/pages"}],"about":[{"href":"https:\/\/grundschule-etzbach.de\/index.php?rest_route=\/wp\/v2\/types\/page"}],"author":[{"embeddable":true,"href":"https:\/\/grundschule-etzbach.de\/index.php?rest_route=\/wp\/v2\/users\/1"}],"replies":[{"embeddable":true,"href":"https:\/\/grundschule-etzbach.de\/index.php?rest_route=%2Fwp%2Fv2%2Fcomments&post=84"}],"version-history":[{"count":8,"href":"https:\/\/grundschule-etzbach.de\/index.php?rest_route=\/wp\/v2\/pages\/84\/revisions"}],"predecessor-version":[{"id":1755,"href":"https:\/\/grundschule-etzbach.de\/index.php?rest_route=\/wp\/v2\/pages\/84\/revisions\/1755"}],"up":[{"embeddable":true,"href":"https:\/\/grundschule-etzbach.de\/index.php?rest_route=\/wp\/v2\/pages\/15"}],"wp:attachment":[{"href":"https:\/\/grundschule-etzbach.de\/index.php?rest_route=%2Fwp%2Fv2%2Fmedia&parent=84"}],"curies":[{"name":"wp","href":"https:\/\/api.w.org\/{rel}","templated":true}]}}