{"id":86,"date":"2019-08-29T18:23:00","date_gmt":"2019-08-29T18:23:00","guid":{"rendered":"http:\/\/grundschule-etzbach.de\/?page_id=86"},"modified":"2026-02-13T10:27:21","modified_gmt":"2026-02-13T10:27:21","slug":"schulsozialarbeit","status":"publish","type":"page","link":"https:\/\/grundschule-etzbach.de\/?page_id=86","title":{"rendered":"Schulsozialarbeit"},"content":{"rendered":"\n<figure class=\"wp-block-image size-full\"><img loading=\"lazy\" decoding=\"async\" width=\"620\" height=\"803\" src=\"https:\/\/grundschule-etzbach.de\/wp-content\/uploads\/2026\/02\/Screenshot-2026-02-13-112422.png\" alt=\"\" class=\"wp-image-2535\" srcset=\"https:\/\/grundschule-etzbach.de\/wp-content\/uploads\/2026\/02\/Screenshot-2026-02-13-112422.png 620w, https:\/\/grundschule-etzbach.de\/wp-content\/uploads\/2026\/02\/Screenshot-2026-02-13-112422-232x300.png 232w\" sizes=\"auto, (max-width: 620px) 100vw, 620px\" \/><\/figure>\n\n\n\n<p>In meiner Arbeit ist mir besonders wichtig eine <strong>vertrauensvolle Beziehung<\/strong> aufzubauen &#8211; denn nur wer sich gesehen und ernst genommen f\u00fchlt, kann sich gut entwickeln. Dabei ist es mir wichtig zu erw\u00e4hnen das die besprochenen Themen der <strong>Schweigepflicht<\/strong> unterliegen und vertraulich behandelt werden.<br>Ich arbeite <strong>ressourcenorientiert<\/strong>, st\u00e4rke die Kinder in ihren F\u00e4higkeiten und unterst\u00fctze sie dabei, eigene L\u00f6sungen zu finden. Durch eine <strong>enge und wertsch\u00e4tzende Zusammenarbeit<\/strong> mit Eltern, Schule und weiteren Beteiligten m\u00f6chte ich dazu beitragen, dass unsere Grundschule ein Ort ist, an dem sich jedes Kind sicher, angenommen und unterst\u00fctzt f\u00fchlt.<\/p>\n\n\n\n<p class=\"has-medium-font-size\"><\/p>\n\n\n\n<p><\/p>\n","protected":false},"excerpt":{"rendered":"<p>In meiner Arbeit ist mir besonders wichtig eine vertrauensvolle Beziehung aufzubauen &#8211; denn nur wer sich gesehen und ernst genommen f\u00fchlt, kann sich gut entwickeln. Dabei ist es mir wichtig zu erw\u00e4hnen das die besprochenen Themen der Schweigepflicht unterliegen und [&hellip;]<\/p>\n","protected":false},"author":1,"featured_media":0,"parent":15,"menu_order":6,"comment_status":"closed","ping_status":"closed","template":"","meta":{"ngg_post_thumbnail":0,"footnotes":""},"class_list":["post-86","page","type-page","status-publish","hentry"],"_links":{"self":[{"href":"https:\/\/grundschule-etzbach.de\/index.php?rest_route=\/wp\/v2\/pages\/86","targetHints":{"allow":["GET"]}}],"collection":[{"href":"https:\/\/grundschule-etzbach.de\/index.php?rest_route=\/wp\/v2\/pages"}],"about":[{"href":"https:\/\/grundschule-etzbach.de\/index.php?rest_route=\/wp\/v2\/types\/page"}],"author":[{"embeddable":true,"href":"https:\/\/grundschule-etzbach.de\/index.php?rest_route=\/wp\/v2\/users\/1"}],"replies":[{"embeddable":true,"href":"https:\/\/grundschule-etzbach.de\/index.php?rest_route=%2Fwp%2Fv2%2Fcomments&post=86"}],"version-history":[{"count":15,"href":"https:\/\/grundschule-etzbach.de\/index.php?rest_route=\/wp\/v2\/pages\/86\/revisions"}],"predecessor-version":[{"id":2537,"href":"https:\/\/grundschule-etzbach.de\/index.php?rest_route=\/wp\/v2\/pages\/86\/revisions\/2537"}],"up":[{"embeddable":true,"href":"https:\/\/grundschule-etzbach.de\/index.php?rest_route=\/wp\/v2\/pages\/15"}],"wp:attachment":[{"href":"https:\/\/grundschule-etzbach.de\/index.php?rest_route=%2Fwp%2Fv2%2Fmedia&parent=86"}],"curies":[{"name":"wp","href":"https:\/\/api.w.org\/{rel}","templated":true}]}}